{"id":2861,"date":"2025-10-02T18:44:55","date_gmt":"2025-10-02T18:44:55","guid":{"rendered":"https:\/\/lxgames.pt\/produto\/sudadera-lx-games-2025\/"},"modified":"2025-10-08T08:52:43","modified_gmt":"2025-10-08T08:52:43","slug":"sudadera-lx-games-2025","status":"publish","type":"product","link":"https:\/\/lxgames.pt\/es\/produto\/sudadera-lx-games-2025\/","title":{"rendered":"Sudadera LX Games 2025"},"content":{"rendered":"","protected":false},"excerpt":{"rendered":"<p>La <strong data-start=\"2780\" data-end=\"2828\">sudadera oficial de los LX Games Lisboa 2025<\/strong> combina comodidad y estilo en su versi\u00f3n blanca o negra. Con el logo de la competici\u00f3n en el pecho y la ilustraci\u00f3n de la <strong data-start=\"2951\" data-end=\"2957\">LX<\/strong> en la espalda, llevar\u00e1s contigo un pedazo de Lisboa y de la experiencia LX Games all\u00e1 donde vayas.<\/p>\n<p><strong>Importante<\/strong><em data-start=\"162\" data-end=\"175\">:<\/em> Los pedidos realizados en la tienda <strong data-start=\"212\" data-end=\"330\">se recoger\u00e1n \u00fanica y exclusivamente los d\u00edas 18 y 19 de octubre en el Complexo Municipal do Casal Vistoso (Lisboa)<\/strong>. No se realizar\u00e1n env\u00edos.<\/p>\n","protected":false},"featured_media":2801,"comment_status":"open","ping_status":"closed","template":"","meta":{"site-sidebar-layout":"default","site-content-layout":"","ast-site-content-layout":"default","site-content-style":"default","site-sidebar-style":"default","ast-global-header-display":"","ast-banner-title-visibility":"","ast-main-header-display":"","ast-hfb-above-header-display":"","ast-hfb-below-header-display":"","ast-hfb-mobile-header-display":"","site-post-title":"","ast-breadcrumbs-content":"","ast-featured-img":"","footer-sml-layout":"","theme-transparent-header-meta":"default","adv-header-id-meta":"","stick-header-meta":"","header-above-stick-meta":"","header-main-stick-meta":"","header-below-stick-meta":"","astra-migrate-meta-layouts":"default","ast-page-background-enabled":"default","ast-page-background-meta":{"desktop":{"background-color":"var(--ast-global-color-4)","background-image":"","background-repeat":"repeat","background-position":"center center","background-size":"auto","background-attachment":"scroll","background-type":"","background-media":"","overlay-type":"","overlay-color":"","overlay-gradient":""},"tablet":{"background-color":"","background-image":"","background-repeat":"repeat","background-position":"center center","background-size":"auto","background-attachment":"scroll","background-type":"","background-media":"","overlay-type":"","overlay-color":"","overlay-gradient":""},"mobile":{"background-color":"","background-image":"","background-repeat":"repeat","background-position":"center center","background-size":"auto","background-attachment":"scroll","background-type":"","background-media":"","overlay-type":"","overlay-color":"","overlay-gradient":""}},"ast-content-background-meta":{"desktop":{"background-color":"var(--ast-global-color-5)","background-image":"","background-repeat":"repeat","background-position":"center center","background-size":"auto","background-attachment":"scroll","background-type":"","background-media":"","overlay-type":"","overlay-color":"","overlay-gradient":""},"tablet":{"background-color":"var(--ast-global-color-5)","background-image":"","background-repeat":"repeat","background-position":"center center","background-size":"auto","background-attachment":"scroll","background-type":"","background-media":"","overlay-type":"","overlay-color":"","overlay-gradient":""},"mobile":{"background-color":"var(--ast-global-color-5)","background-image":"","background-repeat":"repeat","background-position":"center center","background-size":"auto","background-attachment":"scroll","background-type":"","background-media":"","overlay-type":"","overlay-color":"","overlay-gradient":""}}},"product_brand":[],"product_cat":[38],"product_tag":[],"class_list":{"0":"post-2861","1":"product","2":"type-product","3":"status-publish","4":"has-post-thumbnail","6":"product_cat-merchandising-es","7":"desktop-align-left","8":"tablet-align-left","9":"mobile-align-left","11":"first","12":"outofstock","13":"shipping-taxable","14":"purchasable","15":"product-type-variable"},"yoast_head":"<!-- This site is optimized with the Yoast SEO plugin v26.1.1 - https:\/\/yoast.com\/wordpress\/plugins\/seo\/ -->\n<title>Sudadera LX Games 2025 - LX Games<\/title>\n<meta name=\"robots\" content=\"index, follow, max-snippet:-1, max-image-preview:large, max-video-preview:-1\" \/>\n<link rel=\"canonical\" href=\"https:\/\/lxgames.pt\/es\/produto\/sudadera-lx-games-2025\/\" \/>\n<meta property=\"og:locale\" content=\"es_ES\" \/>\n<meta property=\"og:type\" content=\"article\" \/>\n<meta property=\"og:title\" content=\"Sudadera LX Games 2025 - LX Games\" \/>\n<meta property=\"og:description\" content=\"La sudadera oficial de los LX Games Lisboa 2025 combina comodidad y estilo en su versi\u00f3n blanca o negra. Con el logo de la competici\u00f3n en el pecho y la ilustraci\u00f3n de la LX en la espalda, llevar\u00e1s contigo un pedazo de Lisboa y de la experiencia LX Games all\u00e1 donde vayas.  Importante: Los pedidos realizados en la tienda se recoger\u00e1n \u00fanica y exclusivamente los d\u00edas 18 y 19 de octubre en el Complexo Municipal do Casal Vistoso (Lisboa). No se realizar\u00e1n env\u00edos.\" \/>\n<meta property=\"og:url\" content=\"https:\/\/lxgames.pt\/es\/produto\/sudadera-lx-games-2025\/\" \/>\n<meta property=\"og:site_name\" content=\"LX Games\" \/>\n<meta property=\"article:modified_time\" content=\"2025-10-08T08:52:43+00:00\" \/>\n<meta property=\"og:image\" content=\"https:\/\/lxgames.pt\/wp-content\/uploads\/2025\/10\/Sudadera-blanca.jpeg\" \/>\n\t<meta property=\"og:image:width\" content=\"1242\" \/>\n\t<meta property=\"og:image:height\" content=\"1560\" \/>\n\t<meta property=\"og:image:type\" content=\"image\/jpeg\" \/>\n<meta name=\"twitter:card\" content=\"summary_large_image\" \/>\n<script type=\"application\/ld+json\" class=\"yoast-schema-graph\">{\"@context\":\"https:\/\/schema.org\",\"@graph\":[{\"@type\":\"WebPage\",\"@id\":\"https:\/\/lxgames.pt\/es\/produto\/sudadera-lx-games-2025\/\",\"url\":\"https:\/\/lxgames.pt\/es\/produto\/sudadera-lx-games-2025\/\",\"name\":\"Sudadera LX Games 2025 - LX Games\",\"isPartOf\":{\"@id\":\"https:\/\/lxgames.pt\/es\/#website\"},\"primaryImageOfPage\":{\"@id\":\"https:\/\/lxgames.pt\/es\/produto\/sudadera-lx-games-2025\/#primaryimage\"},\"image\":{\"@id\":\"https:\/\/lxgames.pt\/es\/produto\/sudadera-lx-games-2025\/#primaryimage\"},\"thumbnailUrl\":\"https:\/\/lxgames.pt\/wp-content\/uploads\/2025\/10\/Sudadera-blanca.jpeg\",\"datePublished\":\"2025-10-02T18:44:55+00:00\",\"dateModified\":\"2025-10-08T08:52:43+00:00\",\"breadcrumb\":{\"@id\":\"https:\/\/lxgames.pt\/es\/produto\/sudadera-lx-games-2025\/#breadcrumb\"},\"inLanguage\":\"es\",\"potentialAction\":[{\"@type\":\"ReadAction\",\"target\":[\"https:\/\/lxgames.pt\/es\/produto\/sudadera-lx-games-2025\/\"]}]},{\"@type\":\"ImageObject\",\"inLanguage\":\"es\",\"@id\":\"https:\/\/lxgames.pt\/es\/produto\/sudadera-lx-games-2025\/#primaryimage\",\"url\":\"https:\/\/lxgames.pt\/wp-content\/uploads\/2025\/10\/Sudadera-blanca.jpeg\",\"contentUrl\":\"https:\/\/lxgames.pt\/wp-content\/uploads\/2025\/10\/Sudadera-blanca.jpeg\",\"width\":1242,\"height\":1560},{\"@type\":\"BreadcrumbList\",\"@id\":\"https:\/\/lxgames.pt\/es\/produto\/sudadera-lx-games-2025\/#breadcrumb\",\"itemListElement\":[{\"@type\":\"ListItem\",\"position\":1,\"name\":\"In\u00edcio\",\"item\":\"https:\/\/lxgames.pt\/es\/\"},{\"@type\":\"ListItem\",\"position\":2,\"name\":\"Tienda\",\"item\":\"https:\/\/lxgames.pt\/es\/tienda\/\"},{\"@type\":\"ListItem\",\"position\":3,\"name\":\"Sudadera LX Games 2025\"}]},{\"@type\":\"WebSite\",\"@id\":\"https:\/\/lxgames.pt\/es\/#website\",\"url\":\"https:\/\/lxgames.pt\/es\/\",\"name\":\"LX Games\",\"description\":\"Competi\u00e7\u00e3o de Crossfit\",\"publisher\":{\"@id\":\"https:\/\/lxgames.pt\/es\/#organization\"},\"potentialAction\":[{\"@type\":\"SearchAction\",\"target\":{\"@type\":\"EntryPoint\",\"urlTemplate\":\"https:\/\/lxgames.pt\/es\/?s={search_term_string}\"},\"query-input\":{\"@type\":\"PropertyValueSpecification\",\"valueRequired\":true,\"valueName\":\"search_term_string\"}}],\"inLanguage\":\"es\"},{\"@type\":\"Organization\",\"@id\":\"https:\/\/lxgames.pt\/es\/#organization\",\"name\":\"LX Games\",\"url\":\"https:\/\/lxgames.pt\/es\/\",\"logo\":{\"@type\":\"ImageObject\",\"inLanguage\":\"es\",\"@id\":\"https:\/\/lxgames.pt\/es\/#\/schema\/logo\/image\/\",\"url\":\"https:\/\/lxgames.pt\/wp-content\/uploads\/2024\/02\/logo.png\",\"contentUrl\":\"https:\/\/lxgames.pt\/wp-content\/uploads\/2024\/02\/logo.png\",\"width\":156,\"height\":40,\"caption\":\"LX Games\"},\"image\":{\"@id\":\"https:\/\/lxgames.pt\/es\/#\/schema\/logo\/image\/\"}}]}<\/script>\n<!-- \/ Yoast SEO plugin. -->","yoast_head_json":{"title":"Sudadera LX Games 2025 - LX Games","robots":{"index":"index","follow":"follow","max-snippet":"max-snippet:-1","max-image-preview":"max-image-preview:large","max-video-preview":"max-video-preview:-1"},"canonical":"https:\/\/lxgames.pt\/es\/produto\/sudadera-lx-games-2025\/","og_locale":"es_ES","og_type":"article","og_title":"Sudadera LX Games 2025 - LX Games","og_description":"La sudadera oficial de los LX Games Lisboa 2025 combina comodidad y estilo en su versi\u00f3n blanca o negra. Con el logo de la competici\u00f3n en el pecho y la ilustraci\u00f3n de la LX en la espalda, llevar\u00e1s contigo un pedazo de Lisboa y de la experiencia LX Games all\u00e1 donde vayas.  Importante: Los pedidos realizados en la tienda se recoger\u00e1n \u00fanica y exclusivamente los d\u00edas 18 y 19 de octubre en el Complexo Municipal do Casal Vistoso (Lisboa). No se realizar\u00e1n env\u00edos.","og_url":"https:\/\/lxgames.pt\/es\/produto\/sudadera-lx-games-2025\/","og_site_name":"LX Games","article_modified_time":"2025-10-08T08:52:43+00:00","og_image":[{"width":1242,"height":1560,"url":"https:\/\/lxgames.pt\/wp-content\/uploads\/2025\/10\/Sudadera-blanca.jpeg","type":"image\/jpeg"}],"twitter_card":"summary_large_image","schema":{"@context":"https:\/\/schema.org","@graph":[{"@type":"WebPage","@id":"https:\/\/lxgames.pt\/es\/produto\/sudadera-lx-games-2025\/","url":"https:\/\/lxgames.pt\/es\/produto\/sudadera-lx-games-2025\/","name":"Sudadera LX Games 2025 - LX Games","isPartOf":{"@id":"https:\/\/lxgames.pt\/es\/#website"},"primaryImageOfPage":{"@id":"https:\/\/lxgames.pt\/es\/produto\/sudadera-lx-games-2025\/#primaryimage"},"image":{"@id":"https:\/\/lxgames.pt\/es\/produto\/sudadera-lx-games-2025\/#primaryimage"},"thumbnailUrl":"https:\/\/lxgames.pt\/wp-content\/uploads\/2025\/10\/Sudadera-blanca.jpeg","datePublished":"2025-10-02T18:44:55+00:00","dateModified":"2025-10-08T08:52:43+00:00","breadcrumb":{"@id":"https:\/\/lxgames.pt\/es\/produto\/sudadera-lx-games-2025\/#breadcrumb"},"inLanguage":"es","potentialAction":[{"@type":"ReadAction","target":["https:\/\/lxgames.pt\/es\/produto\/sudadera-lx-games-2025\/"]}]},{"@type":"ImageObject","inLanguage":"es","@id":"https:\/\/lxgames.pt\/es\/produto\/sudadera-lx-games-2025\/#primaryimage","url":"https:\/\/lxgames.pt\/wp-content\/uploads\/2025\/10\/Sudadera-blanca.jpeg","contentUrl":"https:\/\/lxgames.pt\/wp-content\/uploads\/2025\/10\/Sudadera-blanca.jpeg","width":1242,"height":1560},{"@type":"BreadcrumbList","@id":"https:\/\/lxgames.pt\/es\/produto\/sudadera-lx-games-2025\/#breadcrumb","itemListElement":[{"@type":"ListItem","position":1,"name":"In\u00edcio","item":"https:\/\/lxgames.pt\/es\/"},{"@type":"ListItem","position":2,"name":"Tienda","item":"https:\/\/lxgames.pt\/es\/tienda\/"},{"@type":"ListItem","position":3,"name":"Sudadera LX Games 2025"}]},{"@type":"WebSite","@id":"https:\/\/lxgames.pt\/es\/#website","url":"https:\/\/lxgames.pt\/es\/","name":"LX Games","description":"Competi\u00e7\u00e3o de Crossfit","publisher":{"@id":"https:\/\/lxgames.pt\/es\/#organization"},"potentialAction":[{"@type":"SearchAction","target":{"@type":"EntryPoint","urlTemplate":"https:\/\/lxgames.pt\/es\/?s={search_term_string}"},"query-input":{"@type":"PropertyValueSpecification","valueRequired":true,"valueName":"search_term_string"}}],"inLanguage":"es"},{"@type":"Organization","@id":"https:\/\/lxgames.pt\/es\/#organization","name":"LX Games","url":"https:\/\/lxgames.pt\/es\/","logo":{"@type":"ImageObject","inLanguage":"es","@id":"https:\/\/lxgames.pt\/es\/#\/schema\/logo\/image\/","url":"https:\/\/lxgames.pt\/wp-content\/uploads\/2024\/02\/logo.png","contentUrl":"https:\/\/lxgames.pt\/wp-content\/uploads\/2024\/02\/logo.png","width":156,"height":40,"caption":"LX Games"},"image":{"@id":"https:\/\/lxgames.pt\/es\/#\/schema\/logo\/image\/"}}]}},"_links":{"self":[{"href":"https:\/\/lxgames.pt\/es\/wp-json\/wp\/v2\/product\/2861","targetHints":{"allow":["GET"]}}],"collection":[{"href":"https:\/\/lxgames.pt\/es\/wp-json\/wp\/v2\/product"}],"about":[{"href":"https:\/\/lxgames.pt\/es\/wp-json\/wp\/v2\/types\/product"}],"replies":[{"embeddable":true,"href":"https:\/\/lxgames.pt\/es\/wp-json\/wp\/v2\/comments?post=2861"}],"wp:featuredmedia":[{"embeddable":true,"href":"https:\/\/lxgames.pt\/es\/wp-json\/wp\/v2\/media\/2801"}],"wp:attachment":[{"href":"https:\/\/lxgames.pt\/es\/wp-json\/wp\/v2\/media?parent=2861"}],"wp:term":[{"taxonomy":"product_brand","embeddable":true,"href":"https:\/\/lxgames.pt\/es\/wp-json\/wp\/v2\/product_brand?post=2861"},{"taxonomy":"product_cat","embeddable":true,"href":"https:\/\/lxgames.pt\/es\/wp-json\/wp\/v2\/product_cat?post=2861"},{"taxonomy":"product_tag","embeddable":true,"href":"https:\/\/lxgames.pt\/es\/wp-json\/wp\/v2\/product_tag?post=2861"}],"curies":[{"name":"wp","href":"https:\/\/api.w.org\/{rel}","templated":true}]}}